{"id":2223,"date":"2020-02-23T14:37:01","date_gmt":"2020-02-23T14:37:01","guid":{"rendered":"http:\/\/xn--buckfast-kniginnen-m3b.de\/?page_id=2223"},"modified":"2025-03-28T23:05:54","modified_gmt":"2025-03-28T23:05:54","slug":"produkte","status":"publish","type":"page","link":"https:\/\/xn--buckfast-kniginnen-m3b.de\/","title":{"rendered":"K\u00f6niginnen"},"content":{"rendered":"<\/p>\n\n\n<\/p>\n<p>\n\n\n<\/p>\n\n\n<\/p>\n<p>\n\n\n\n<p><span style=\"color: #ff0000;\"><strong>Leider wird es 2025 aus gesundheitlichen Gr\u00fcnden keinen K\u00f6niginnen Verkauf geben.<\/strong><\/span><\/p>\n<p><span style=\"color: #ff0000;\"><strong>Vielen Dank f\u00fcr Ihr Verst\u00e4ndnis!<\/strong><\/span><\/p>\n\n\n\n<\/p>\n<figure><img fetchpriority=\"high\" decoding=\"async\" src=\"https:\/\/xn--buckfast-kniginnen-m3b.de\/wp-content\/uploads\/2020\/12\/Logo.jpg\" alt=\"\" width=\"244\" height=\"301\" \/><\/figure>\n<h4>\u00a0<\/h4>\n<h3>\u00a0<\/h3>\n<h1>\u00a0<\/h1>\n<h6>\u00a0<\/h6>\n<p>\u00a0<\/p>\n<h6>\u00a0<\/h6>\n<p>\u00a0<\/p>\n<figure><i><b>Als registrierter Z\u00fcchter erhalten Sie bei mir garantiert echte Buckfastk\u00f6niginnen.<\/b><\/i><\/figure>\n<p>\u00a0<\/p>\n<figure><\/figure>\n<figure><\/figure>\n<p>\n\n\n<\/p>\n\n\n<\/p>\n<p>\n\n\n<\/p>\n\n\n<figure class=\"wp-block-image size-large\"><img decoding=\"async\" width=\"1024\" height=\"768\" src=\"http:\/\/xn--buckfast-kniginnen-m3b.de\/wp-content\/uploads\/2019\/08\/IMG_2251-1024x768.jpg\" alt=\"\" class=\"wp-image-117\" srcset=\"https:\/\/xn--buckfast-kniginnen-m3b.de\/wp-content\/uploads\/2019\/08\/IMG_2251.jpg 1024w, https:\/\/xn--buckfast-kniginnen-m3b.de\/wp-content\/uploads\/2019\/08\/IMG_2251-600x450.jpg 600w, https:\/\/xn--buckfast-kniginnen-m3b.de\/wp-content\/uploads\/2019\/08\/IMG_2251-300x225.jpg 300w, https:\/\/xn--buckfast-kniginnen-m3b.de\/wp-content\/uploads\/2019\/08\/IMG_2251-768x576.jpg 768w\" sizes=\"(max-width: 1024px) 100vw, 1024px\" \/><figcaption class=\"wp-element-caption\">standbegattete Buckfastk\u00f6nigin <strong>35 \u20ac<\/strong><\/figcaption><\/figure>\n\n\n\n<ul>\n<li>Tochter einer registrierten Buckfastk\u00f6nigin mit Pedigree der Mutter<\/li>\n\n\n\n<li>Opalith gezeichnet in Jahresfarbe<\/li>\n\n\n\n<li>ohne Fl\u00fcgelschnitt<\/li>\n\n\n\n<li>Lieferbar ab ca. Ende Mai<\/li>\n<\/ul>\n\n\n\n<figure class=\"wp-block-image size-large\"><img decoding=\"async\" width=\"1024\" height=\"768\" src=\"http:\/\/xn--buckfast-kniginnen-m3b.de\/wp-content\/uploads\/2019\/08\/IMG_2251-1024x768.jpg\" alt=\"\" class=\"wp-image-117\" srcset=\"https:\/\/xn--buckfast-kniginnen-m3b.de\/wp-content\/uploads\/2019\/08\/IMG_2251.jpg 1024w, https:\/\/xn--buckfast-kniginnen-m3b.de\/wp-content\/uploads\/2019\/08\/IMG_2251-600x450.jpg 600w, https:\/\/xn--buckfast-kniginnen-m3b.de\/wp-content\/uploads\/2019\/08\/IMG_2251-300x225.jpg 300w, https:\/\/xn--buckfast-kniginnen-m3b.de\/wp-content\/uploads\/2019\/08\/IMG_2251-768x576.jpg 768w\" sizes=\"(max-width: 1024px) 100vw, 1024px\" \/><figcaption class=\"wp-element-caption\">belegstellen-begattete Buckfastk\u00f6nigin  <strong>55 \u20ac<\/strong> bzw<strong>. 80 \u20ac<\/strong><\/figcaption><\/figure>\n\n\n\n<p><\/p>\n\n\n\n<ul>\n<li>Tochter einer registrierten Buckfastk\u00f6nigin<\/li>\n\n\n\n<li>begattet auf der Belegstelle Lautenthal\/Harz<\/li>\n\n\n\n<li>oder auf meiner priv. Belegstelle Schwarzenbruch\/Sauerland<\/li>\n\n\n\n<li>gezeichnet mit Nr.-Opalith<\/li>\n\n\n\n<li>ohne Fl\u00fcgelschnitt<\/li>\n\n\n\n<li>mit Abstammungsnachweis (Zuchtkarte GdeB)<\/li>\n\n\n\n<li>Lieferbar ab Anfang Juli (Lautenthal)<\/li>\n\n\n\n<li>Lieferbar ab ca. Mitte Juni (Schwarzer Bruch)<\/li>\n<\/ul>\n\n\n<\/p>\n\n\n<figure class=\"wp-block-image size-large\"><img decoding=\"async\" width=\"1024\" height=\"768\" src=\"http:\/\/xn--buckfast-kniginnen-m3b.de\/wp-content\/uploads\/2019\/08\/IMG_2251-1024x768.jpg\" alt=\"\" class=\"wp-image-117\" srcset=\"https:\/\/xn--buckfast-kniginnen-m3b.de\/wp-content\/uploads\/2019\/08\/IMG_2251.jpg 1024w, https:\/\/xn--buckfast-kniginnen-m3b.de\/wp-content\/uploads\/2019\/08\/IMG_2251-600x450.jpg 600w, https:\/\/xn--buckfast-kniginnen-m3b.de\/wp-content\/uploads\/2019\/08\/IMG_2251-300x225.jpg 300w, https:\/\/xn--buckfast-kniginnen-m3b.de\/wp-content\/uploads\/2019\/08\/IMG_2251-768x576.jpg 768w\" sizes=\"(max-width: 1024px) 100vw, 1024px\" \/><figcaption class=\"wp-element-caption\">inselbegattete Buckfastk\u00f6nigin <strong>190 \u20ac <\/strong><\/figcaption><\/figure>\n\n\n<\/p>\n\n\n<ul>\n<li>Tochter einer registrierten Buckfastk\u00f6nigin<\/li>\n\n\n\n<li>inselbegattet<\/li>\n\n\n\n<li>gezeichnet mit Nr.-Opalith<\/li>\n\n\n\n<li>ohne Fl\u00fcgelschnitt<\/li>\n\n\n\n<li>mit Abstammungsnachweis (Zuchtkarte GdeB)<\/li>\n\n\n\n<li>Lierferbar ab August<\/li>\n<\/ul>\n\n\n<\/p>\n\n\n<figure class=\"wp-block-image size-large\"><img decoding=\"async\" width=\"1024\" height=\"768\" src=\"http:\/\/xn--buckfast-kniginnen-m3b.de\/wp-content\/uploads\/2019\/08\/IMG_2251-1024x768.jpg\" alt=\"\" class=\"wp-image-117\" srcset=\"https:\/\/xn--buckfast-kniginnen-m3b.de\/wp-content\/uploads\/2019\/08\/IMG_2251.jpg 1024w, https:\/\/xn--buckfast-kniginnen-m3b.de\/wp-content\/uploads\/2019\/08\/IMG_2251-600x450.jpg 600w, https:\/\/xn--buckfast-kniginnen-m3b.de\/wp-content\/uploads\/2019\/08\/IMG_2251-300x225.jpg 300w, https:\/\/xn--buckfast-kniginnen-m3b.de\/wp-content\/uploads\/2019\/08\/IMG_2251-768x576.jpg 768w\" sizes=\"(max-width: 1024px) 100vw, 1024px\" \/><figcaption class=\"wp-element-caption\">\u00fcberwinterte-standbegattete Buckfastk\u00f6nigin <strong>85&nbsp;\u20ac<\/strong><\/figcaption><\/figure>\n\n\n\n<\/p>\n<ul>\n<li>Tochter einer registrierten Buckfastk\u00f6nigin mit Pedigree der Mutter<\/li>\n<li>Opalith gezeichnet in Jahresfarbe<\/li>\n<li>ohne Fl\u00fcgelschnitt<\/li>\n<\/ul>\n<p>\n\n\n<\/p>\n\n\n<figure class=\"wp-block-image size-large\"><img decoding=\"async\" width=\"1024\" height=\"716\" src=\"http:\/\/xn--buckfast-kniginnen-m3b.de\/wp-content\/uploads\/2019\/08\/IMG_0149-1024x716.jpg\" alt=\"\" class=\"wp-image-116\" srcset=\"https:\/\/xn--buckfast-kniginnen-m3b.de\/wp-content\/uploads\/2019\/08\/IMG_0149-1024x716.jpg 1024w, https:\/\/xn--buckfast-kniginnen-m3b.de\/wp-content\/uploads\/2019\/08\/IMG_0149-600x419.jpg 600w, https:\/\/xn--buckfast-kniginnen-m3b.de\/wp-content\/uploads\/2019\/08\/IMG_0149-300x210.jpg 300w, https:\/\/xn--buckfast-kniginnen-m3b.de\/wp-content\/uploads\/2019\/08\/IMG_0149-768x537.jpg 768w, https:\/\/xn--buckfast-kniginnen-m3b.de\/wp-content\/uploads\/2019\/08\/IMG_0149.jpg 1288w\" sizes=\"(max-width: 1024px) 100vw, 1024px\" \/><figcaption class=\"wp-element-caption\">unbegattete Buckfastk\u00f6nigin<strong> 12\u20ac<\/strong><\/figcaption><\/figure>\n\n\n\n<ul>\n<li>Tochter einer registrierten Buckfastk\u00f6nigin mit Pedigree der Mutter<\/li>\n\n\n\n<li>gezeichnet in Jahresfarbe<\/li>\n\n\n\n<li>ohne Fl\u00fcgelschnitt<\/li>\n\n\n\n<li>Lieferbar ab ca. Mitte Mai<\/li>\n<\/ul>\n\n\n<\/p>\n\n\n<\/p>\n<p>\n\n\n<\/p>","protected":false},"excerpt":{"rendered":"<p>Leider wird es 2025 aus gesundheitlichen Gr\u00fcnden keinen K\u00f6niginnen Verkauf geben. Vielen Dank f\u00fcr Ihr Verst\u00e4ndnis! Tochter einer registrierten Buckfastk\u00f6nigin mit Pedigree der Mutter Opalith gezeichnet in Jahresfarbe ohne Fl\u00fcgelschnitt<\/p>\n","protected":false},"author":1,"featured_media":0,"parent":0,"menu_order":0,"comment_status":"closed","ping_status":"closed","template":"","meta":{"footnotes":""},"_links":{"self":[{"href":"https:\/\/xn--buckfast-kniginnen-m3b.de\/index.php?rest_route=\/wp\/v2\/pages\/2223"}],"collection":[{"href":"https:\/\/xn--buckfast-kniginnen-m3b.de\/index.php?rest_route=\/wp\/v2\/pages"}],"about":[{"href":"https:\/\/xn--buckfast-kniginnen-m3b.de\/index.php?rest_route=\/wp\/v2\/types\/page"}],"author":[{"embeddable":true,"href":"https:\/\/xn--buckfast-kniginnen-m3b.de\/index.php?rest_route=\/wp\/v2\/users\/1"}],"replies":[{"embeddable":true,"href":"https:\/\/xn--buckfast-kniginnen-m3b.de\/index.php?rest_route=%2Fwp%2Fv2%2Fcomments&post=2223"}],"version-history":[{"count":35,"href":"https:\/\/xn--buckfast-kniginnen-m3b.de\/index.php?rest_route=\/wp\/v2\/pages\/2223\/revisions"}],"predecessor-version":[{"id":2886,"href":"https:\/\/xn--buckfast-kniginnen-m3b.de\/index.php?rest_route=\/wp\/v2\/pages\/2223\/revisions\/2886"}],"wp:attachment":[{"href":"https:\/\/xn--buckfast-kniginnen-m3b.de\/index.php?rest_route=%2Fwp%2Fv2%2Fmedia&parent=2223"}],"curies":[{"name":"wp","href":"https:\/\/api.w.org\/{rel}","templated":true}]}}